{"id":692,"date":"2023-05-29T16:37:58","date_gmt":"2023-05-29T20:37:58","guid":{"rendered":"http:\/\/localhost\/wpml\/trabajo-aereo-transporte-de-carga-externa\/"},"modified":"2023-06-29T10:57:43","modified_gmt":"2023-06-29T14:57:43","slug":"air-work-external-cargo-transportation","status":"publish","type":"page","link":"https:\/\/ecoaviation.com.bo\/en\/air-work-external-cargo-transportation\/","title":{"rendered":"Air Work &#8211; External cargo transportation"},"content":{"rendered":"\t\t<div data-elementor-type=\"wp-page\" data-elementor-id=\"692\" class=\"elementor elementor-692 elementor-22\">\n\t\t\t\t<div class=\"elementor-element elementor-element-bb8a153 e-flex e-con-boxed e-con e-parent\" data-id=\"bb8a153\" data-element_type=\"container\">\n\t\t\t\t\t<div class=\"e-con-inner\">\n\t\t<div class=\"elementor-element elementor-element-8296a7b e-con-full e-flex e-con e-parent\" data-id=\"8296a7b\" data-element_type=\"container\">\n\t\t\t\t<div class=\"elementor-element elementor-element-d3c1103 animated-slow elementor-invisible elementor-widget elementor-widget-image\" data-id=\"d3c1103\" data-element_type=\"widget\" data-settings=\"{&quot;_animation&quot;:&quot;fadeInUp&quot;,&quot;_animation_delay&quot;:150}\" data-widget_type=\"image.default\">\n\t\t\t\t<div class=\"elementor-widget-container\">\n\t\t\t\t\t\t\t\t\t\t\t\t\t\t\t<img fetchpriority=\"high\" decoding=\"async\" width=\"683\" height=\"1024\" src=\"https:\/\/ecoaviation.com.bo\/wp-content\/uploads\/2023\/06\/01-ok-683x1024.jpg\" class=\"attachment-large size-large wp-image-501\" alt=\"\" \/>\t\t\t\t\t\t\t\t\t\t\t\t\t\t\t<\/div>\n\t\t\t\t<\/div>\n\t\t\t\t<\/div>\n\t\t<div class=\"elementor-element elementor-element-1f1b519 e-con-full e-flex e-con e-parent\" data-id=\"1f1b519\" data-element_type=\"container\">\n\t\t\t\t<div class=\"elementor-element elementor-element-587407e elementor-widget elementor-widget-titulo_subtitulo\" data-id=\"587407e\" data-element_type=\"widget\" data-widget_type=\"titulo_subtitulo.default\">\n\t\t\t\t<div class=\"elementor-widget-container\">\n\t\t\t\t\t<div class=\"mbts\" style=\"text-align:;\"><div class=\"mbts-wrap\"><div class=\"titulo\"><h2><span>Servicio de alquiler de helic\u00f3pteros<\/span><\/h2><\/div><div class=\"subtitulo\"><p>Con capacidad de carga externa<\/p><\/div><\/div><\/div>\t\t\t\t<\/div>\n\t\t\t\t<\/div>\n\t\t\t\t<div class=\"elementor-element elementor-element-3d46af8 elementor-widget elementor-widget-text-editor\" data-id=\"3d46af8\" data-element_type=\"widget\" data-widget_type=\"text-editor.default\">\n\t\t\t\t<div class=\"elementor-widget-container\">\n\t\t\t\t\t\t\t\t\t<p>Nuestro servicio de alquiler de helic\u00f3pteros con capacidad de carga externa es la soluci\u00f3n perfecta para tus necesidades de transporte de carga. Con nuestros helic\u00f3pteros equipados con sistemas especializados de carga, podemos mover mercanc\u00edas y equipos de manera eficiente y precisa. Nuestro equipo de pilotos altamente capacitados garantiza la seguridad y confiabilidad en cada operaci\u00f3n. Ya sea en zonas remotas, terrenos dif\u00edciles o situaciones de emergencia, nuestro servicio de carga externa en helic\u00f3ptero es la opci\u00f3n confiable para cumplir con tus requisitos log\u00edsticos.<\/p>\t\t\t\t\t\t\t\t<\/div>\n\t\t\t\t<\/div>\n\t\t\t\t<\/div>\n\t\t\t\t\t<\/div>\n\t\t\t\t<\/div>\n\t\t<div class=\"elementor-element elementor-element-cd4d7ef e-flex e-con-boxed e-con e-parent\" data-id=\"cd4d7ef\" data-element_type=\"container\">\n\t\t\t\t\t<div class=\"e-con-inner\">\n\t\t\t\t<div class=\"elementor-element elementor-element-5b51835 elementor-widget elementor-widget-spacer\" data-id=\"5b51835\" data-element_type=\"widget\" data-widget_type=\"spacer.default\">\n\t\t\t\t<div class=\"elementor-widget-container\">\n\t\t\t\t\t\t\t<div class=\"elementor-spacer\">\n\t\t\t<div class=\"elementor-spacer-inner\"><\/div>\n\t\t<\/div>\n\t\t\t\t\t\t<\/div>\n\t\t\t\t<\/div>\n\t\t\t\t<div class=\"elementor-element elementor-element-235c771 animated-slow elementor-invisible elementor-widget elementor-widget-image\" data-id=\"235c771\" data-element_type=\"widget\" data-settings=\"{&quot;_animation&quot;:&quot;fadeInDown&quot;,&quot;_animation_delay&quot;:250}\" data-widget_type=\"image.default\">\n\t\t\t\t<div class=\"elementor-widget-container\">\n\t\t\t\t\t\t\t\t\t\t\t\t\t\t\t<img decoding=\"async\" width=\"236\" height=\"236\" src=\"https:\/\/ecoaviation.com.bo\/wp-content\/uploads\/2023\/06\/logo-circular.png\" class=\"attachment-large size-large wp-image-191\" alt=\"\" \/>\t\t\t\t\t\t\t\t\t\t\t\t\t\t\t<\/div>\n\t\t\t\t<\/div>\n\t\t\t\t\t<\/div>\n\t\t\t\t<\/div>\n\t\t<div class=\"elementor-element elementor-element-eaaa019 e-con-full e-flex e-con e-parent\" data-id=\"eaaa019\" data-element_type=\"container\" data-settings=\"{&quot;background_background&quot;:&quot;classic&quot;}\">\n\t\t<div class=\"elementor-element elementor-element-42f0ae5 e-con-full e-flex e-con e-parent\" data-id=\"42f0ae5\" data-element_type=\"container\">\n\t\t<div class=\"elementor-element elementor-element-ffd9565 e-flex e-con-boxed e-con e-parent\" data-id=\"ffd9565\" data-element_type=\"container\">\n\t\t\t\t\t<div class=\"e-con-inner\">\n\t\t\t\t<div class=\"elementor-element elementor-element-12cf59b elementor-widget elementor-widget-spacer\" data-id=\"12cf59b\" data-element_type=\"widget\" data-widget_type=\"spacer.default\">\n\t\t\t\t<div class=\"elementor-widget-container\">\n\t\t\t\t\t\t\t<div class=\"elementor-spacer\">\n\t\t\t<div class=\"elementor-spacer-inner\"><\/div>\n\t\t<\/div>\n\t\t\t\t\t\t<\/div>\n\t\t\t\t<\/div>\n\t\t\t\t<div class=\"elementor-element elementor-element-fe58574 alt elementor-widget elementor-widget-titulo_subtitulo\" data-id=\"fe58574\" data-element_type=\"widget\" data-widget_type=\"titulo_subtitulo.default\">\n\t\t\t\t<div class=\"elementor-widget-container\">\n\t\t\t\t\t<div class=\"mbts\" style=\"text-align:;\"><div class=\"mbts-wrap\"><div class=\"titulo\"><h2><span>Servicio de alquiler de helic\u00f3pteros<\/span><\/h2><\/div><div class=\"subtitulo\"><p>Con capacidad de carga externa<\/p><\/div><\/div><\/div>\t\t\t\t<\/div>\n\t\t\t\t<\/div>\n\t\t\t\t<div class=\"elementor-element elementor-element-447352c elementor-widget elementor-widget-text-editor\" data-id=\"447352c\" data-element_type=\"widget\" data-widget_type=\"text-editor.default\">\n\t\t\t\t<div class=\"elementor-widget-container\">\n\t\t\t\t\t\t\t\t\t<p>Adem\u00e1s de la flexibilidad y rapidez que ofrecemos, nuestra prioridad es garantizar la seguridad en todo momento. Implementamos estrictos protocolos de seguridad y llevamos a cabo rigurosos controles de mantenimiento en nuestros helic\u00f3pteros, cumpliendo con los m\u00e1s altos est\u00e1ndares de la industria.<\/p>\t\t\t\t\t\t\t\t<\/div>\n\t\t\t\t<\/div>\n\t\t\t\t<div class=\"elementor-element elementor-element-ae988ed elementor-icon-list--layout-traditional elementor-list-item-link-full_width elementor-widget elementor-widget-icon-list\" data-id=\"ae988ed\" data-element_type=\"widget\" data-widget_type=\"icon-list.default\">\n\t\t\t\t<div class=\"elementor-widget-container\">\n\t\t\t\t\t\t\t<ul class=\"elementor-icon-list-items\">\n\t\t\t\t\t\t\t<li class=\"elementor-icon-list-item\">\n\t\t\t\t\t\t\t\t\t\t\t<span class=\"elementor-icon-list-icon\">\n\t\t\t\t\t\t\t<i aria-hidden=\"true\" class=\"far fa-check-circle\"><\/i>\t\t\t\t\t\t<\/span>\n\t\t\t\t\t\t\t\t\t\t<span class=\"elementor-icon-list-text\">Seguridad<\/span>\n\t\t\t\t\t\t\t\t\t<\/li>\n\t\t\t\t\t\t\t\t<li class=\"elementor-icon-list-item\">\n\t\t\t\t\t\t\t\t\t\t\t<span class=\"elementor-icon-list-icon\">\n\t\t\t\t\t\t\t<i aria-hidden=\"true\" class=\"far fa-check-circle\"><\/i>\t\t\t\t\t\t<\/span>\n\t\t\t\t\t\t\t\t\t\t<span class=\"elementor-icon-list-text\">Estrictos protocolos de seguridad <\/span>\n\t\t\t\t\t\t\t\t\t<\/li>\n\t\t\t\t\t\t\t\t<li class=\"elementor-icon-list-item\">\n\t\t\t\t\t\t\t\t\t\t\t<span class=\"elementor-icon-list-icon\">\n\t\t\t\t\t\t\t<i aria-hidden=\"true\" class=\"far fa-check-circle\"><\/i>\t\t\t\t\t\t<\/span>\n\t\t\t\t\t\t\t\t\t\t<span class=\"elementor-icon-list-text\">Controles de mantenimiento <\/span>\n\t\t\t\t\t\t\t\t\t<\/li>\n\t\t\t\t\t\t\t\t<li class=\"elementor-icon-list-item\">\n\t\t\t\t\t\t\t\t\t\t\t<span class=\"elementor-icon-list-icon\">\n\t\t\t\t\t\t\t<i aria-hidden=\"true\" class=\"far fa-check-circle\"><\/i>\t\t\t\t\t\t<\/span>\n\t\t\t\t\t\t\t\t\t\t<span class=\"elementor-icon-list-text\">Altos est\u00e1ndares<\/span>\n\t\t\t\t\t\t\t\t\t<\/li>\n\t\t\t\t\t\t<\/ul>\n\t\t\t\t\t\t<\/div>\n\t\t\t\t<\/div>\n\t\t\t\t<div class=\"elementor-element elementor-element-0127cf7 elementor-widget elementor-widget-spacer\" data-id=\"0127cf7\" data-element_type=\"widget\" data-widget_type=\"spacer.default\">\n\t\t\t\t<div class=\"elementor-widget-container\">\n\t\t\t\t\t\t\t<div class=\"elementor-spacer\">\n\t\t\t<div class=\"elementor-spacer-inner\"><\/div>\n\t\t<\/div>\n\t\t\t\t\t\t<\/div>\n\t\t\t\t<\/div>\n\t\t\t\t<div class=\"elementor-element elementor-element-00b40f9 alt elementor-invisible elementor-widget elementor-widget-button\" data-id=\"00b40f9\" data-element_type=\"widget\" data-settings=\"{&quot;_animation&quot;:&quot;fadeInRight&quot;,&quot;_animation_delay&quot;:150}\" data-widget_type=\"button.default\">\n\t\t\t\t<div class=\"elementor-widget-container\">\n\t\t\t\t\t\t\t\t\t<div class=\"elementor-button-wrapper\">\n\t\t\t\t\t<a class=\"elementor-button elementor-button-link elementor-size-md\" href=\"https:\/\/ecoaviation.com.bo\/contacto\/\">\n\t\t\t\t\t\t<span class=\"elementor-button-content-wrapper\">\n\t\t\t\t\t\t<span class=\"elementor-button-icon\">\n\t\t\t\t<i aria-hidden=\"true\" class=\"fas fa-arrow-right\"><\/i>\t\t\t<\/span>\n\t\t\t\t\t\t\t\t\t<span class=\"elementor-button-text\">Solicitar Servicio<\/span>\n\t\t\t\t\t<\/span>\n\t\t\t\t\t<\/a>\n\t\t\t\t<\/div>\n\t\t\t\t\t\t\t\t<\/div>\n\t\t\t\t<\/div>\n\t\t\t\t<div class=\"elementor-element elementor-element-3d40f6f elementor-widget elementor-widget-spacer\" data-id=\"3d40f6f\" data-element_type=\"widget\" data-widget_type=\"spacer.default\">\n\t\t\t\t<div class=\"elementor-widget-container\">\n\t\t\t\t\t\t\t<div class=\"elementor-spacer\">\n\t\t\t<div class=\"elementor-spacer-inner\"><\/div>\n\t\t<\/div>\n\t\t\t\t\t\t<\/div>\n\t\t\t\t<\/div>\n\t\t\t\t\t<\/div>\n\t\t\t\t<\/div>\n\t\t\t\t<\/div>\n\t\t<div class=\"elementor-element elementor-element-0e8ae65 e-con-full cover e-flex e-con e-parent\" data-id=\"0e8ae65\" data-element_type=\"container\" data-settings=\"{&quot;background_background&quot;:&quot;classic&quot;}\">\n\t\t\t\t<div class=\"elementor-element elementor-element-914b341 elementor-widget elementor-widget-spacer\" data-id=\"914b341\" data-element_type=\"widget\" data-widget_type=\"spacer.default\">\n\t\t\t\t<div class=\"elementor-widget-container\">\n\t\t\t\t\t\t\t<div class=\"elementor-spacer\">\n\t\t\t<div class=\"elementor-spacer-inner\"><\/div>\n\t\t<\/div>\n\t\t\t\t\t\t<\/div>\n\t\t\t\t<\/div>\n\t\t\t\t<\/div>\n\t\t\t\t<\/div>\n\t\t<div class=\"elementor-element elementor-element-c28844e e-flex e-con-boxed e-con e-parent\" data-id=\"c28844e\" data-element_type=\"container\">\n\t\t\t\t\t<div class=\"e-con-inner\">\n\t\t\t\t<div class=\"elementor-element elementor-element-701f8a5 elementor-widget elementor-widget-spacer\" data-id=\"701f8a5\" data-element_type=\"widget\" data-widget_type=\"spacer.default\">\n\t\t\t\t<div class=\"elementor-widget-container\">\n\t\t\t\t\t\t\t<div class=\"elementor-spacer\">\n\t\t\t<div class=\"elementor-spacer-inner\"><\/div>\n\t\t<\/div>\n\t\t\t\t\t\t<\/div>\n\t\t\t\t<\/div>\n\t\t\t\t\t<\/div>\n\t\t\t\t<\/div>\n\t\t\t\t<\/div>\n\t\t","protected":false},"excerpt":{"rendered":"<p>Nuestro servicio de alquiler de helic\u00f3pteros con capacidad de carga externa es la soluci\u00f3n perfecta para tus necesidades de transporte de carga.<\/p>\n","protected":false},"author":1,"featured_media":657,"parent":0,"menu_order":0,"comment_status":"closed","ping_status":"closed","template":"","meta":{"footnotes":""},"class_list":["post-692","page","type-page","status-publish","has-post-thumbnail","hentry"],"yoast_head":"<!-- This site is optimized with the Yoast SEO plugin v26.4 - https:\/\/yoast.com\/wordpress\/plugins\/seo\/ -->\n<title>Air Work - External cargo transportation - Ecoaviation<\/title>\n<meta name=\"robots\" content=\"index, follow, max-snippet:-1, max-image-preview:large, max-video-preview:-1\" \/>\n<link rel=\"canonical\" href=\"https:\/\/ecoaviation.com.bo\/en\/air-work-external-cargo-transportation\/\" \/>\n<meta property=\"og:locale\" content=\"en_US\" \/>\n<meta property=\"og:type\" content=\"article\" \/>\n<meta property=\"og:title\" content=\"Air Work - External cargo transportation - Ecoaviation\" \/>\n<meta property=\"og:description\" content=\"Nuestro servicio de alquiler de helic\u00f3pteros con capacidad de carga externa es la soluci\u00f3n perfecta para tus necesidades de transporte de carga.\" \/>\n<meta property=\"og:url\" content=\"https:\/\/ecoaviation.com.bo\/en\/air-work-external-cargo-transportation\/\" \/>\n<meta property=\"og:site_name\" content=\"Ecoaviation\" \/>\n<meta property=\"article:publisher\" content=\"https:\/\/www.facebook.com\/EcoAviationBol\/\" \/>\n<meta property=\"article:modified_time\" content=\"2023-06-29T14:57:43+00:00\" \/>\n<meta property=\"og:image\" content=\"https:\/\/ecoaviation.com.bo\/wp-content\/uploads\/2023\/06\/principal.jpg\" \/>\n\t<meta property=\"og:image:width\" content=\"1200\" \/>\n\t<meta property=\"og:image:height\" content=\"800\" \/>\n\t<meta property=\"og:image:type\" content=\"image\/jpeg\" \/>\n<meta name=\"twitter:card\" content=\"summary_large_image\" \/>\n<meta name=\"twitter:label1\" content=\"Est. reading time\" \/>\n\t<meta name=\"twitter:data1\" content=\"2 minutes\" \/>\n<script type=\"application\/ld+json\" class=\"yoast-schema-graph\">{\"@context\":\"https:\/\/schema.org\",\"@graph\":[{\"@type\":\"WebPage\",\"@id\":\"https:\/\/ecoaviation.com.bo\/en\/air-work-external-cargo-transportation\/\",\"url\":\"https:\/\/ecoaviation.com.bo\/en\/air-work-external-cargo-transportation\/\",\"name\":\"Air Work - External cargo transportation - Ecoaviation\",\"isPartOf\":{\"@id\":\"https:\/\/ecoaviation.com.bo\/en\/#website\"},\"primaryImageOfPage\":{\"@id\":\"https:\/\/ecoaviation.com.bo\/en\/air-work-external-cargo-transportation\/#primaryimage\"},\"image\":{\"@id\":\"https:\/\/ecoaviation.com.bo\/en\/air-work-external-cargo-transportation\/#primaryimage\"},\"thumbnailUrl\":\"https:\/\/ecoaviation.com.bo\/wp-content\/uploads\/2023\/06\/principal.jpg\",\"datePublished\":\"2023-05-29T20:37:58+00:00\",\"dateModified\":\"2023-06-29T14:57:43+00:00\",\"breadcrumb\":{\"@id\":\"https:\/\/ecoaviation.com.bo\/en\/air-work-external-cargo-transportation\/#breadcrumb\"},\"inLanguage\":\"en-US\",\"potentialAction\":[{\"@type\":\"ReadAction\",\"target\":[\"https:\/\/ecoaviation.com.bo\/en\/air-work-external-cargo-transportation\/\"]}]},{\"@type\":\"ImageObject\",\"inLanguage\":\"en-US\",\"@id\":\"https:\/\/ecoaviation.com.bo\/en\/air-work-external-cargo-transportation\/#primaryimage\",\"url\":\"https:\/\/ecoaviation.com.bo\/wp-content\/uploads\/2023\/06\/principal.jpg\",\"contentUrl\":\"https:\/\/ecoaviation.com.bo\/wp-content\/uploads\/2023\/06\/principal.jpg\",\"width\":1200,\"height\":800},{\"@type\":\"BreadcrumbList\",\"@id\":\"https:\/\/ecoaviation.com.bo\/en\/air-work-external-cargo-transportation\/#breadcrumb\",\"itemListElement\":[{\"@type\":\"ListItem\",\"position\":1,\"name\":\"Inicio\",\"item\":\"https:\/\/ecoaviation.com.bo\/en\/\"},{\"@type\":\"ListItem\",\"position\":2,\"name\":\"Air Work &#8211; External cargo transportation\"}]},{\"@type\":\"WebSite\",\"@id\":\"https:\/\/ecoaviation.com.bo\/en\/#website\",\"url\":\"https:\/\/ecoaviation.com.bo\/en\/\",\"name\":\"Ecoaviation\",\"description\":\"Helicopters\",\"publisher\":{\"@id\":\"https:\/\/ecoaviation.com.bo\/en\/#organization\"},\"potentialAction\":[{\"@type\":\"SearchAction\",\"target\":{\"@type\":\"EntryPoint\",\"urlTemplate\":\"https:\/\/ecoaviation.com.bo\/en\/?s={search_term_string}\"},\"query-input\":{\"@type\":\"PropertyValueSpecification\",\"valueRequired\":true,\"valueName\":\"search_term_string\"}}],\"inLanguage\":\"en-US\"},{\"@type\":\"Organization\",\"@id\":\"https:\/\/ecoaviation.com.bo\/en\/#organization\",\"name\":\"Ecoaviation\",\"url\":\"https:\/\/ecoaviation.com.bo\/en\/\",\"logo\":{\"@type\":\"ImageObject\",\"inLanguage\":\"en-US\",\"@id\":\"https:\/\/ecoaviation.com.bo\/en\/#\/schema\/logo\/image\/\",\"url\":\"https:\/\/ecoaviation.com.bo\/wp-content\/uploads\/2023\/05\/ecoaviation-logo-top.png\",\"contentUrl\":\"https:\/\/ecoaviation.com.bo\/wp-content\/uploads\/2023\/05\/ecoaviation-logo-top.png\",\"width\":280,\"height\":60,\"caption\":\"Ecoaviation\"},\"image\":{\"@id\":\"https:\/\/ecoaviation.com.bo\/en\/#\/schema\/logo\/image\/\"},\"sameAs\":[\"https:\/\/www.facebook.com\/EcoAviationBol\/\",\"https:\/\/www.instagram.com\/ecoaviationbol\/\"]}]}<\/script>\n<!-- \/ Yoast SEO plugin. -->","yoast_head_json":{"title":"Air Work - External cargo transportation - Ecoaviation","robots":{"index":"index","follow":"follow","max-snippet":"max-snippet:-1","max-image-preview":"max-image-preview:large","max-video-preview":"max-video-preview:-1"},"canonical":"https:\/\/ecoaviation.com.bo\/en\/air-work-external-cargo-transportation\/","og_locale":"en_US","og_type":"article","og_title":"Air Work - External cargo transportation - Ecoaviation","og_description":"Nuestro servicio de alquiler de helic\u00f3pteros con capacidad de carga externa es la soluci\u00f3n perfecta para tus necesidades de transporte de carga.","og_url":"https:\/\/ecoaviation.com.bo\/en\/air-work-external-cargo-transportation\/","og_site_name":"Ecoaviation","article_publisher":"https:\/\/www.facebook.com\/EcoAviationBol\/","article_modified_time":"2023-06-29T14:57:43+00:00","og_image":[{"width":1200,"height":800,"url":"https:\/\/ecoaviation.com.bo\/wp-content\/uploads\/2023\/06\/principal.jpg","type":"image\/jpeg"}],"twitter_card":"summary_large_image","twitter_misc":{"Est. reading time":"2 minutes"},"schema":{"@context":"https:\/\/schema.org","@graph":[{"@type":"WebPage","@id":"https:\/\/ecoaviation.com.bo\/en\/air-work-external-cargo-transportation\/","url":"https:\/\/ecoaviation.com.bo\/en\/air-work-external-cargo-transportation\/","name":"Air Work - External cargo transportation - Ecoaviation","isPartOf":{"@id":"https:\/\/ecoaviation.com.bo\/en\/#website"},"primaryImageOfPage":{"@id":"https:\/\/ecoaviation.com.bo\/en\/air-work-external-cargo-transportation\/#primaryimage"},"image":{"@id":"https:\/\/ecoaviation.com.bo\/en\/air-work-external-cargo-transportation\/#primaryimage"},"thumbnailUrl":"https:\/\/ecoaviation.com.bo\/wp-content\/uploads\/2023\/06\/principal.jpg","datePublished":"2023-05-29T20:37:58+00:00","dateModified":"2023-06-29T14:57:43+00:00","breadcrumb":{"@id":"https:\/\/ecoaviation.com.bo\/en\/air-work-external-cargo-transportation\/#breadcrumb"},"inLanguage":"en-US","potentialAction":[{"@type":"ReadAction","target":["https:\/\/ecoaviation.com.bo\/en\/air-work-external-cargo-transportation\/"]}]},{"@type":"ImageObject","inLanguage":"en-US","@id":"https:\/\/ecoaviation.com.bo\/en\/air-work-external-cargo-transportation\/#primaryimage","url":"https:\/\/ecoaviation.com.bo\/wp-content\/uploads\/2023\/06\/principal.jpg","contentUrl":"https:\/\/ecoaviation.com.bo\/wp-content\/uploads\/2023\/06\/principal.jpg","width":1200,"height":800},{"@type":"BreadcrumbList","@id":"https:\/\/ecoaviation.com.bo\/en\/air-work-external-cargo-transportation\/#breadcrumb","itemListElement":[{"@type":"ListItem","position":1,"name":"Inicio","item":"https:\/\/ecoaviation.com.bo\/en\/"},{"@type":"ListItem","position":2,"name":"Air Work &#8211; External cargo transportation"}]},{"@type":"WebSite","@id":"https:\/\/ecoaviation.com.bo\/en\/#website","url":"https:\/\/ecoaviation.com.bo\/en\/","name":"Ecoaviation","description":"Helicopters","publisher":{"@id":"https:\/\/ecoaviation.com.bo\/en\/#organization"},"potentialAction":[{"@type":"SearchAction","target":{"@type":"EntryPoint","urlTemplate":"https:\/\/ecoaviation.com.bo\/en\/?s={search_term_string}"},"query-input":{"@type":"PropertyValueSpecification","valueRequired":true,"valueName":"search_term_string"}}],"inLanguage":"en-US"},{"@type":"Organization","@id":"https:\/\/ecoaviation.com.bo\/en\/#organization","name":"Ecoaviation","url":"https:\/\/ecoaviation.com.bo\/en\/","logo":{"@type":"ImageObject","inLanguage":"en-US","@id":"https:\/\/ecoaviation.com.bo\/en\/#\/schema\/logo\/image\/","url":"https:\/\/ecoaviation.com.bo\/wp-content\/uploads\/2023\/05\/ecoaviation-logo-top.png","contentUrl":"https:\/\/ecoaviation.com.bo\/wp-content\/uploads\/2023\/05\/ecoaviation-logo-top.png","width":280,"height":60,"caption":"Ecoaviation"},"image":{"@id":"https:\/\/ecoaviation.com.bo\/en\/#\/schema\/logo\/image\/"},"sameAs":["https:\/\/www.facebook.com\/EcoAviationBol\/","https:\/\/www.instagram.com\/ecoaviationbol\/"]}]}},"_links":{"self":[{"href":"https:\/\/ecoaviation.com.bo\/en\/wp-json\/wp\/v2\/pages\/692","targetHints":{"allow":["GET"]}}],"collection":[{"href":"https:\/\/ecoaviation.com.bo\/en\/wp-json\/wp\/v2\/pages"}],"about":[{"href":"https:\/\/ecoaviation.com.bo\/en\/wp-json\/wp\/v2\/types\/page"}],"author":[{"embeddable":true,"href":"https:\/\/ecoaviation.com.bo\/en\/wp-json\/wp\/v2\/users\/1"}],"replies":[{"embeddable":true,"href":"https:\/\/ecoaviation.com.bo\/en\/wp-json\/wp\/v2\/comments?post=692"}],"version-history":[{"count":0,"href":"https:\/\/ecoaviation.com.bo\/en\/wp-json\/wp\/v2\/pages\/692\/revisions"}],"wp:featuredmedia":[{"embeddable":true,"href":"https:\/\/ecoaviation.com.bo\/en\/wp-json\/wp\/v2\/media\/657"}],"wp:attachment":[{"href":"https:\/\/ecoaviation.com.bo\/en\/wp-json\/wp\/v2\/media?parent=692"}],"curies":[{"name":"wp","href":"https:\/\/api.w.org\/{rel}","templated":true}]}}