{"id":695,"date":"2023-06-26T11:44:35","date_gmt":"2023-06-26T15:44:35","guid":{"rendered":"http:\/\/localhost\/wpml\/servicios\/"},"modified":"2023-07-28T11:16:33","modified_gmt":"2023-07-28T15:16:33","slug":"servicios","status":"publish","type":"page","link":"https:\/\/ecoaviation.com.bo\/en\/servicios\/","title":{"rendered":"Services"},"content":{"rendered":"\t\t<div data-elementor-type=\"wp-page\" data-elementor-id=\"695\" class=\"elementor elementor-695 elementor-547\">\n\t\t\t\t<div class=\"elementor-element elementor-element-fcf7040 e-flex e-con-boxed e-con e-parent\" data-id=\"fcf7040\" data-element_type=\"container\">\n\t\t\t\t\t<div class=\"e-con-inner\">\n\t\t\t\t<div class=\"elementor-element elementor-element-7d5afbc elementor-widget elementor-widget-spacer\" data-id=\"7d5afbc\" data-element_type=\"widget\" data-widget_type=\"spacer.default\">\n\t\t\t\t<div class=\"elementor-widget-container\">\n\t\t\t\t\t\t\t<div class=\"elementor-spacer\">\n\t\t\t<div class=\"elementor-spacer-inner\"><\/div>\n\t\t<\/div>\n\t\t\t\t\t\t<\/div>\n\t\t\t\t<\/div>\n\t\t\t\t\t<\/div>\n\t\t\t\t<\/div>\n\t\t<div class=\"elementor-element elementor-element-740df3f e-flex e-con-boxed e-con e-parent\" data-id=\"740df3f\" data-element_type=\"container\">\n\t\t\t\t\t<div class=\"e-con-inner\">\n\t\t\t\t<div class=\"elementor-element elementor-element-5e5b453 elementor-widget elementor-widget-titulo_subtitulo_bajada\" data-id=\"5e5b453\" data-element_type=\"widget\" data-widget_type=\"titulo_subtitulo_bajada.default\">\n\t\t\t\t<div class=\"elementor-widget-container\">\n\t\t\t\t\t<div class=\"mbtsb\" style=\"text-align:;\"><div class=\"mbtsb-wrap\"><div class=\"titulo\"><h2><span>Nuestros Servicios<\/span><\/h2><\/div><div class=\"subtitulo\"><h3><span>Vuelos personalizados para todos tus desaf\u00edos<\/span><\/h3><\/div><div class=\"bajada\"><p>Nuestra empresa ofrece servicios de transporte de pasajeros y carga, brindando soluciones r\u00e1pidas y eficientes. <br>\nContamos con una flota moderna y experimentados pilotos que garantizan seguridad y comodidad. <br>\nAtendemos diversas necesidades, desde traslados ejecutivos hasta env\u00edo de mercanc\u00edas, proporcionando una experiencia de vuelo excepcional.\n<\/p><\/div><\/div><\/div>\t\t\t\t<\/div>\n\t\t\t\t<\/div>\n\t\t\t\t\t<\/div>\n\t\t\t\t<\/div>\n\t\t<div class=\"elementor-element elementor-element-57f3a47 e-flex e-con-boxed e-con e-parent\" data-id=\"57f3a47\" data-element_type=\"container\">\n\t\t\t\t\t<div class=\"e-con-inner\">\n\t\t<div class=\"elementor-element elementor-element-5a2d4fc servicios e-flex e-con-boxed e-con e-parent\" data-id=\"5a2d4fc\" data-element_type=\"container\">\n\t\t\t\t\t<div class=\"e-con-inner\">\n\t\t\t\t<div class=\"elementor-element elementor-element-c21e084 elementor-position-top elementor-widget elementor-widget-image-box\" data-id=\"c21e084\" data-element_type=\"widget\" data-widget_type=\"image-box.default\">\n\t\t\t\t<div class=\"elementor-widget-container\">\n\t\t\t\t\t<div class=\"elementor-image-box-wrapper\"><figure class=\"elementor-image-box-img\"><img fetchpriority=\"high\" decoding=\"async\" width=\"540\" height=\"360\" src=\"https:\/\/ecoaviation.com.bo\/wp-content\/uploads\/2023\/06\/principal-540x360.jpg\" class=\"attachment-medium size-medium wp-image-493\" alt=\"\" \/><\/figure><div class=\"elementor-image-box-content\"><h3 class=\"elementor-image-box-title\">Trabajo A\u00e9reo - Transporte de carga externa<\/h3><p class=\"elementor-image-box-description\">Nuestro servicio de alquiler de helic\u00f3pteros con capacidad de carga externa es la soluci\u00f3n perfecta para tus necesidades de transporte de carga.\n<a href=\"https:\/\/ecoaviation.com.bo\/trabajo-aereo-transporte-de-carga-externa\/\">Saber m\u00e1s<\/a><\/p><\/div><\/div>\t\t\t\t<\/div>\n\t\t\t\t<\/div>\n\t\t\t\t<div class=\"elementor-element elementor-element-0b5f635 elementor-position-top elementor-widget elementor-widget-image-box\" data-id=\"0b5f635\" data-element_type=\"widget\" data-widget_type=\"image-box.default\">\n\t\t\t\t<div class=\"elementor-widget-container\">\n\t\t\t\t\t<div class=\"elementor-image-box-wrapper\"><figure class=\"elementor-image-box-img\"><img decoding=\"async\" width=\"600\" height=\"270\" src=\"https:\/\/ecoaviation.com.bo\/wp-content\/uploads\/2023\/06\/20-600x270.jpg\" class=\"attachment-medium size-medium wp-image-50\" alt=\"\" \/><\/figure><div class=\"elementor-image-box-content\"><h3 class=\"elementor-image-box-title\">Transporte de Pasajeros (o titulo de dos l\u00edneas)<\/h3><p class=\"elementor-image-box-description\">Es un hecho establecido hace demasiado tiempo que un lector se distraer\u00e1 con el contenido del texto de un sitio.\n<a href=\"#\">Saber m\u00e1s<\/a><\/p><\/div><\/div>\t\t\t\t<\/div>\n\t\t\t\t<\/div>\n\t\t\t\t<div class=\"elementor-element elementor-element-0f4f325 elementor-position-top elementor-widget elementor-widget-image-box\" data-id=\"0f4f325\" data-element_type=\"widget\" data-widget_type=\"image-box.default\">\n\t\t\t\t<div class=\"elementor-widget-container\">\n\t\t\t\t\t<div class=\"elementor-image-box-wrapper\"><figure class=\"elementor-image-box-img\"><img decoding=\"async\" width=\"600\" height=\"270\" src=\"https:\/\/ecoaviation.com.bo\/wp-content\/uploads\/2023\/06\/20-600x270.jpg\" class=\"attachment-medium size-medium wp-image-50\" alt=\"\" \/><\/figure><div class=\"elementor-image-box-content\"><h3 class=\"elementor-image-box-title\">Transporte de Pasajeros (o titulo de dos l\u00edneas)<\/h3><p class=\"elementor-image-box-description\">Es un hecho establecido hace demasiado tiempo que un lector se distraer\u00e1 con el contenido del texto de un sitio.\n<a href=\"#\">Saber m\u00e1s<\/a><\/p><\/div><\/div>\t\t\t\t<\/div>\n\t\t\t\t<\/div>\n\t\t\t\t<div class=\"elementor-element elementor-element-b731bcb elementor-position-top elementor-widget elementor-widget-image-box\" data-id=\"b731bcb\" data-element_type=\"widget\" data-widget_type=\"image-box.default\">\n\t\t\t\t<div class=\"elementor-widget-container\">\n\t\t\t\t\t<div class=\"elementor-image-box-wrapper\"><figure class=\"elementor-image-box-img\"><img decoding=\"async\" width=\"600\" height=\"270\" src=\"https:\/\/ecoaviation.com.bo\/wp-content\/uploads\/2023\/06\/20-600x270.jpg\" class=\"attachment-medium size-medium wp-image-50\" alt=\"\" \/><\/figure><div class=\"elementor-image-box-content\"><h3 class=\"elementor-image-box-title\">Transporte de Pasajeros (o titulo de dos l\u00edneas)<\/h3><p class=\"elementor-image-box-description\">Es un hecho establecido hace demasiado tiempo que un lector se distraer\u00e1 con el contenido del texto de un sitio.\n<a href=\"#\">Saber m\u00e1s<\/a><\/p><\/div><\/div>\t\t\t\t<\/div>\n\t\t\t\t<\/div>\n\t\t\t\t\t<\/div>\n\t\t\t\t<\/div>\n\t\t<div class=\"elementor-element elementor-element-7abff24 e-flex e-con-boxed e-con e-parent\" data-id=\"7abff24\" data-element_type=\"container\">\n\t\t\t\t\t<div class=\"e-con-inner\">\n\t\t\t\t<div class=\"elementor-element elementor-element-5d0062a elementor-align-center alt elementor-widget elementor-widget-button\" data-id=\"5d0062a\" data-element_type=\"widget\" data-widget_type=\"button.default\">\n\t\t\t\t<div class=\"elementor-widget-container\">\n\t\t\t\t\t\t\t\t\t<div class=\"elementor-button-wrapper\">\n\t\t\t\t\t<a class=\"elementor-button elementor-button-link elementor-size-md\" href=\"#\">\n\t\t\t\t\t\t<span class=\"elementor-button-content-wrapper\">\n\t\t\t\t\t\t\t\t\t<span class=\"elementor-button-text\">Ver Todos nuestros Servicios<\/span>\n\t\t\t\t\t<\/span>\n\t\t\t\t\t<\/a>\n\t\t\t\t<\/div>\n\t\t\t\t\t\t\t\t<\/div>\n\t\t\t\t<\/div>\n\t\t\t\t\t<\/div>\n\t\t\t\t<\/div>\n\t\t\t\t\t<\/div>\n\t\t\t\t<\/div>\n\t\t<div class=\"elementor-element elementor-element-2959714 e-flex e-con-boxed e-con e-parent\" data-id=\"2959714\" data-element_type=\"container\">\n\t\t\t\t\t<div class=\"e-con-inner\">\n\t\t\t\t<div class=\"elementor-element elementor-element-577db17 elementor-widget elementor-widget-spacer\" data-id=\"577db17\" data-element_type=\"widget\" data-widget_type=\"spacer.default\">\n\t\t\t\t<div class=\"elementor-widget-container\">\n\t\t\t\t\t\t\t<div class=\"elementor-spacer\">\n\t\t\t<div class=\"elementor-spacer-inner\"><\/div>\n\t\t<\/div>\n\t\t\t\t\t\t<\/div>\n\t\t\t\t<\/div>\n\t\t\t\t\t<\/div>\n\t\t\t\t<\/div>\n\t\t\t\t<\/div>\n\t\t","protected":false},"excerpt":{"rendered":"<p>Nuestros Servicios Vuelos personalizados para todos tus desaf\u00edos Nuestra empresa ofrece servicios de transporte de pasajeros y carga, brindando soluciones r\u00e1pidas y eficientes. Contamos con una flota moderna y experimentados pilotos que garantizan seguridad y comodidad. Atendemos diversas necesidades, desde traslados ejecutivos hasta env\u00edo de mercanc\u00edas, proporcionando una experiencia de vuelo excepcional. Trabajo A\u00e9reo &#8211;&#8230;<\/p>\n","protected":false},"author":1,"featured_media":0,"parent":0,"menu_order":0,"comment_status":"closed","ping_status":"closed","template":"","meta":{"footnotes":""},"class_list":["post-695","page","type-page","status-publish","hentry"],"yoast_head":"<!-- This site is optimized with the Yoast SEO plugin v26.4 - https:\/\/yoast.com\/wordpress\/plugins\/seo\/ -->\n<title>Services - Ecoaviation<\/title>\n<meta name=\"robots\" content=\"index, follow, max-snippet:-1, max-image-preview:large, max-video-preview:-1\" \/>\n<link rel=\"canonical\" href=\"https:\/\/ecoaviation.com.bo\/en\/servicios\/\" \/>\n<meta property=\"og:locale\" content=\"en_US\" \/>\n<meta property=\"og:type\" content=\"article\" \/>\n<meta property=\"og:title\" content=\"Services - Ecoaviation\" \/>\n<meta property=\"og:description\" content=\"Nuestros Servicios Vuelos personalizados para todos tus desaf\u00edos Nuestra empresa ofrece servicios de transporte de pasajeros y carga, brindando soluciones r\u00e1pidas y eficientes. Contamos con una flota moderna y experimentados pilotos que garantizan seguridad y comodidad. Atendemos diversas necesidades, desde traslados ejecutivos hasta env\u00edo de mercanc\u00edas, proporcionando una experiencia de vuelo excepcional. Trabajo A\u00e9reo &#8211;...\" \/>\n<meta property=\"og:url\" content=\"https:\/\/ecoaviation.com.bo\/en\/servicios\/\" \/>\n<meta property=\"og:site_name\" content=\"Ecoaviation\" \/>\n<meta property=\"article:publisher\" content=\"https:\/\/www.facebook.com\/EcoAviationBol\/\" \/>\n<meta property=\"article:modified_time\" content=\"2023-07-28T15:16:33+00:00\" \/>\n<meta property=\"og:image\" content=\"https:\/\/ecoaviation.com.bo\/wp-content\/uploads\/2023\/06\/principal-540x360.jpg\" \/>\n<meta name=\"twitter:card\" content=\"summary_large_image\" \/>\n<meta name=\"twitter:label1\" content=\"Est. reading time\" \/>\n\t<meta name=\"twitter:data1\" content=\"2 minutes\" \/>\n<script type=\"application\/ld+json\" class=\"yoast-schema-graph\">{\"@context\":\"https:\/\/schema.org\",\"@graph\":[{\"@type\":\"WebPage\",\"@id\":\"https:\/\/ecoaviation.com.bo\/en\/servicios\/\",\"url\":\"https:\/\/ecoaviation.com.bo\/en\/servicios\/\",\"name\":\"Services - Ecoaviation\",\"isPartOf\":{\"@id\":\"https:\/\/ecoaviation.com.bo\/en\/#website\"},\"primaryImageOfPage\":{\"@id\":\"https:\/\/ecoaviation.com.bo\/en\/servicios\/#primaryimage\"},\"image\":{\"@id\":\"https:\/\/ecoaviation.com.bo\/en\/servicios\/#primaryimage\"},\"thumbnailUrl\":\"https:\/\/ecoaviation.com.bo\/wp-content\/uploads\/2023\/06\/principal-540x360.jpg\",\"datePublished\":\"2023-06-26T15:44:35+00:00\",\"dateModified\":\"2023-07-28T15:16:33+00:00\",\"breadcrumb\":{\"@id\":\"https:\/\/ecoaviation.com.bo\/en\/servicios\/#breadcrumb\"},\"inLanguage\":\"en-US\",\"potentialAction\":[{\"@type\":\"ReadAction\",\"target\":[\"https:\/\/ecoaviation.com.bo\/en\/servicios\/\"]}]},{\"@type\":\"ImageObject\",\"inLanguage\":\"en-US\",\"@id\":\"https:\/\/ecoaviation.com.bo\/en\/servicios\/#primaryimage\",\"url\":\"https:\/\/ecoaviation.com.bo\/wp-content\/uploads\/2023\/06\/principal-540x360.jpg\",\"contentUrl\":\"https:\/\/ecoaviation.com.bo\/wp-content\/uploads\/2023\/06\/principal-540x360.jpg\"},{\"@type\":\"BreadcrumbList\",\"@id\":\"https:\/\/ecoaviation.com.bo\/en\/servicios\/#breadcrumb\",\"itemListElement\":[{\"@type\":\"ListItem\",\"position\":1,\"name\":\"Inicio\",\"item\":\"https:\/\/ecoaviation.com.bo\/en\/\"},{\"@type\":\"ListItem\",\"position\":2,\"name\":\"Services\"}]},{\"@type\":\"WebSite\",\"@id\":\"https:\/\/ecoaviation.com.bo\/en\/#website\",\"url\":\"https:\/\/ecoaviation.com.bo\/en\/\",\"name\":\"Ecoaviation\",\"description\":\"Helicopters\",\"publisher\":{\"@id\":\"https:\/\/ecoaviation.com.bo\/en\/#organization\"},\"potentialAction\":[{\"@type\":\"SearchAction\",\"target\":{\"@type\":\"EntryPoint\",\"urlTemplate\":\"https:\/\/ecoaviation.com.bo\/en\/?s={search_term_string}\"},\"query-input\":{\"@type\":\"PropertyValueSpecification\",\"valueRequired\":true,\"valueName\":\"search_term_string\"}}],\"inLanguage\":\"en-US\"},{\"@type\":\"Organization\",\"@id\":\"https:\/\/ecoaviation.com.bo\/en\/#organization\",\"name\":\"Ecoaviation\",\"url\":\"https:\/\/ecoaviation.com.bo\/en\/\",\"logo\":{\"@type\":\"ImageObject\",\"inLanguage\":\"en-US\",\"@id\":\"https:\/\/ecoaviation.com.bo\/en\/#\/schema\/logo\/image\/\",\"url\":\"https:\/\/ecoaviation.com.bo\/wp-content\/uploads\/2023\/05\/ecoaviation-logo-top.png\",\"contentUrl\":\"https:\/\/ecoaviation.com.bo\/wp-content\/uploads\/2023\/05\/ecoaviation-logo-top.png\",\"width\":280,\"height\":60,\"caption\":\"Ecoaviation\"},\"image\":{\"@id\":\"https:\/\/ecoaviation.com.bo\/en\/#\/schema\/logo\/image\/\"},\"sameAs\":[\"https:\/\/www.facebook.com\/EcoAviationBol\/\",\"https:\/\/www.instagram.com\/ecoaviationbol\/\"]}]}<\/script>\n<!-- \/ Yoast SEO plugin. -->","yoast_head_json":{"title":"Services - Ecoaviation","robots":{"index":"index","follow":"follow","max-snippet":"max-snippet:-1","max-image-preview":"max-image-preview:large","max-video-preview":"max-video-preview:-1"},"canonical":"https:\/\/ecoaviation.com.bo\/en\/servicios\/","og_locale":"en_US","og_type":"article","og_title":"Services - Ecoaviation","og_description":"Nuestros Servicios Vuelos personalizados para todos tus desaf\u00edos Nuestra empresa ofrece servicios de transporte de pasajeros y carga, brindando soluciones r\u00e1pidas y eficientes. Contamos con una flota moderna y experimentados pilotos que garantizan seguridad y comodidad. Atendemos diversas necesidades, desde traslados ejecutivos hasta env\u00edo de mercanc\u00edas, proporcionando una experiencia de vuelo excepcional. Trabajo A\u00e9reo &#8211;...","og_url":"https:\/\/ecoaviation.com.bo\/en\/servicios\/","og_site_name":"Ecoaviation","article_publisher":"https:\/\/www.facebook.com\/EcoAviationBol\/","article_modified_time":"2023-07-28T15:16:33+00:00","og_image":[{"url":"https:\/\/ecoaviation.com.bo\/wp-content\/uploads\/2023\/06\/principal-540x360.jpg","type":"","width":"","height":""}],"twitter_card":"summary_large_image","twitter_misc":{"Est. reading time":"2 minutes"},"schema":{"@context":"https:\/\/schema.org","@graph":[{"@type":"WebPage","@id":"https:\/\/ecoaviation.com.bo\/en\/servicios\/","url":"https:\/\/ecoaviation.com.bo\/en\/servicios\/","name":"Services - Ecoaviation","isPartOf":{"@id":"https:\/\/ecoaviation.com.bo\/en\/#website"},"primaryImageOfPage":{"@id":"https:\/\/ecoaviation.com.bo\/en\/servicios\/#primaryimage"},"image":{"@id":"https:\/\/ecoaviation.com.bo\/en\/servicios\/#primaryimage"},"thumbnailUrl":"https:\/\/ecoaviation.com.bo\/wp-content\/uploads\/2023\/06\/principal-540x360.jpg","datePublished":"2023-06-26T15:44:35+00:00","dateModified":"2023-07-28T15:16:33+00:00","breadcrumb":{"@id":"https:\/\/ecoaviation.com.bo\/en\/servicios\/#breadcrumb"},"inLanguage":"en-US","potentialAction":[{"@type":"ReadAction","target":["https:\/\/ecoaviation.com.bo\/en\/servicios\/"]}]},{"@type":"ImageObject","inLanguage":"en-US","@id":"https:\/\/ecoaviation.com.bo\/en\/servicios\/#primaryimage","url":"https:\/\/ecoaviation.com.bo\/wp-content\/uploads\/2023\/06\/principal-540x360.jpg","contentUrl":"https:\/\/ecoaviation.com.bo\/wp-content\/uploads\/2023\/06\/principal-540x360.jpg"},{"@type":"BreadcrumbList","@id":"https:\/\/ecoaviation.com.bo\/en\/servicios\/#breadcrumb","itemListElement":[{"@type":"ListItem","position":1,"name":"Inicio","item":"https:\/\/ecoaviation.com.bo\/en\/"},{"@type":"ListItem","position":2,"name":"Services"}]},{"@type":"WebSite","@id":"https:\/\/ecoaviation.com.bo\/en\/#website","url":"https:\/\/ecoaviation.com.bo\/en\/","name":"Ecoaviation","description":"Helicopters","publisher":{"@id":"https:\/\/ecoaviation.com.bo\/en\/#organization"},"potentialAction":[{"@type":"SearchAction","target":{"@type":"EntryPoint","urlTemplate":"https:\/\/ecoaviation.com.bo\/en\/?s={search_term_string}"},"query-input":{"@type":"PropertyValueSpecification","valueRequired":true,"valueName":"search_term_string"}}],"inLanguage":"en-US"},{"@type":"Organization","@id":"https:\/\/ecoaviation.com.bo\/en\/#organization","name":"Ecoaviation","url":"https:\/\/ecoaviation.com.bo\/en\/","logo":{"@type":"ImageObject","inLanguage":"en-US","@id":"https:\/\/ecoaviation.com.bo\/en\/#\/schema\/logo\/image\/","url":"https:\/\/ecoaviation.com.bo\/wp-content\/uploads\/2023\/05\/ecoaviation-logo-top.png","contentUrl":"https:\/\/ecoaviation.com.bo\/wp-content\/uploads\/2023\/05\/ecoaviation-logo-top.png","width":280,"height":60,"caption":"Ecoaviation"},"image":{"@id":"https:\/\/ecoaviation.com.bo\/en\/#\/schema\/logo\/image\/"},"sameAs":["https:\/\/www.facebook.com\/EcoAviationBol\/","https:\/\/www.instagram.com\/ecoaviationbol\/"]}]}},"_links":{"self":[{"href":"https:\/\/ecoaviation.com.bo\/en\/wp-json\/wp\/v2\/pages\/695","targetHints":{"allow":["GET"]}}],"collection":[{"href":"https:\/\/ecoaviation.com.bo\/en\/wp-json\/wp\/v2\/pages"}],"about":[{"href":"https:\/\/ecoaviation.com.bo\/en\/wp-json\/wp\/v2\/types\/page"}],"author":[{"embeddable":true,"href":"https:\/\/ecoaviation.com.bo\/en\/wp-json\/wp\/v2\/users\/1"}],"replies":[{"embeddable":true,"href":"https:\/\/ecoaviation.com.bo\/en\/wp-json\/wp\/v2\/comments?post=695"}],"version-history":[{"count":1,"href":"https:\/\/ecoaviation.com.bo\/en\/wp-json\/wp\/v2\/pages\/695\/revisions"}],"predecessor-version":[{"id":1014,"href":"https:\/\/ecoaviation.com.bo\/en\/wp-json\/wp\/v2\/pages\/695\/revisions\/1014"}],"wp:attachment":[{"href":"https:\/\/ecoaviation.com.bo\/en\/wp-json\/wp\/v2\/media?parent=695"}],"curies":[{"name":"wp","href":"https:\/\/api.w.org\/{rel}","templated":true}]}}